{"id":1723,"date":"2022-10-05T11:15:26","date_gmt":"2022-10-05T09:15:26","guid":{"rendered":"https:\/\/www.loisirs85.com\/saint-jean-de-monts\/"},"modified":"2024-10-15T15:48:36","modified_gmt":"2024-10-15T13:48:36","slug":"saint-jean-de-monts","status":"publish","type":"page","link":"https:\/\/www.loisirs85.com\/en\/saint-jean-de-monts\/","title":{"rendered":"Saint-Jean-de-Monts"},"content":{"rendered":"\n<section class=\"wp-container-6a09c6d5f3519 wp-block-group deco--trace L-15-a\"><div class=\"wp-block-group__inner-container\">\n<h1 id=\"balades-insolites-en-vendee\">Saint-Jean de-Monts<\/h1>\n\n\n\n<div class=\"wp-block-columns\">\n<div class=\"wp-block-column\">\n<h2 class=\"h3\" id=\"saint-jean-de-monts-une-station-balneaire-ideale-pour-vos-vacances\">Saint-Jean-de-Monts, an ideal seaside resort for your vacations<\/h2>\n\n\n\n<p>Saint Jean de Monts is a renowned seaside resort in the Vend\u00e9e.<\/p>\n\n\n\n<p>You don&#8217;t need to have a huge leisure budget here, so bring your bikes to explore the coast and forest, your kids&#8217; skates or rollerblades to stroll along the embankment, and the beaches and parking lots are free. And why not try your hand at fishing for delicious pine nuts as an aperitif? or <a href=\"https:\/\/www.loisirs85.com\/en\/randonnee-a-cheval-a-saint-jean-de-monts\/\" data-type=\"page\" data-id=\"717\">go horse-riding<\/a> to enjoy the beautiful scenery of Saint-Jean-de-Monts.<\/p>\n\n\n\n<h2 class=\"h3\" id=\"saint-jean-de-monts-une-station-balneaire-ideale-pour-vos-vacances\">What to do in Saint-Jean-de-Monts<\/h2>\n\n\n\n<p>Situated just 19 kilometers, or 16 minutes by car, from the <a href=\"https:\/\/www.loisirs85.com\/en\/camping-acapulco-stjeandemonts\/home\/\" target=\"_blank\" rel=\"noreferrer noopener\">Acapulco campsite<\/a>, the resort of <strong>Saint-Jean-de-Monts<\/strong> is well worth a visit during your vacation. In fact, you&#8217; ll quickly fall in love with this charming seaside resort on the C\u00f4te de Lumi\u00e8re in the Vend\u00e9e. Enjoy its long sandy beaches and all kinds of activities .  <\/p>\n<\/div>\n\n\n\n<div class=\"wp-block-column\">\n<p>In the evening, the pedestrian street is ideal for shopping and enjoying an ice cream or chi-chi.<\/p>\n\n\n\n<p>On the embankment, you can enjoy a leisurely stroll to the estacade&#8230; on the embankment, you can take in a variety of entertainment and street shows, depending on the program, and why not try your luck at the Casino.<\/p>\n\n\n\n<p>Finally, for those who like to party, there are discos, bars and funfairs to keep you going all night long.<\/p>\n\n\n\n<p>The St Jean de Monts resort offers a wide range of activities all year round.<br\/><a href=\"https:\/\/paysdesaintjeandemonts.fr\/\">The Tourist Office<\/a> welcomes and advises you all year round.<\/p>\n\n\n\n<p>With its privileged climate, the sunshine on the Vend\u00e9e coast is comparable to that of the Mediterranean south, hence the name &#8221; <em>C\u00f4te de Lumi\u00e8re&#8221; (Coast of Light<\/em>).<\/p>\n<\/div>\n<\/div>\n\n\n\n<h2 class=\"h3\" id=\"profiter-du-soleil-de-saint-jean-de-monts-1\">Enjoy the sun in Saint-Jean-de-Monts<\/h2>\n\n\n\n<p><strong>Saint-Jean-de-Monts<\/strong> attracts visitors for its long, sandy beaches. In fact, this Vend\u00e9e commune offers 9 immense sunny <strong>beaches<\/strong> stretching over 8 kilometers of coastline. Families love these gently sloping stretches of sand, with little current for swimming with the kids. In <strong>Saint-Jean-de-Monts<\/strong>, there&#8217;s something for everyone: <strong>wild beaches<\/strong> (Tonnelles, la Par\u00e9e du Jonc, la Davi\u00e8re) or <strong>more lively, supervised beaches<\/strong> in summer, such as Demoiselles, Oiseaux or Soixante Bornes.   <\/p>\n\n\n\n<p>And if you like <strong> water sports<\/strong>, don&#8217;t miss the beach at the nautical base. Located to the north of the estacade, this is the sports beach par excellence. It&#8217;s a place for board sports such as surfing, paddleboarding and sand yachting, but also for fishermen who come to catch sea bass or mackerel. The icing on the cake is the <strong> breathtakingview of Saint-Jean-de-Monts<\/strong>! All the beaches in this seaside resort are ideal for swimming, relax and enjoy other seaside leisure activities such as horseback riding, hiking hiking, cycling, longe c\u00f4te, etc.   <\/p>\n\n\n\n<figure class=\"wp-block-gallery has-nested-images columns-default is-cropped deco--blob-3\">\n<figure class=\"wp-block-image size-large\"><img width=\"1000\" height=\"667\" src=\"https:\/\/www.loisirs85.com\/wp-content\/uploads\/2022\/10\/IMG_0080-1.jpg\" alt=\"\" class=\"wp-image-720\" srcset=\"https:\/\/www.loisirs85.com\/wp-content\/uploads\/2022\/10\/IMG_0080-1.jpg 1000w, https:\/\/www.loisirs85.com\/wp-content\/uploads\/2022\/10\/IMG_0080-1-300x200.jpg 300w, https:\/\/www.loisirs85.com\/wp-content\/uploads\/2022\/10\/IMG_0080-1-768x512.jpg 768w\" sizes=\"(max-width: 1000px) 100vw, 1000px\" \/><\/figure>\n\n\n\n<figure class=\"wp-block-image size-large\"><img width=\"1024\" height=\"683\" src=\"https:\/\/www.loisirs85.com\/wp-content\/uploads\/2022\/10\/stjeandemonts2-1024x683-1.jpg\" alt=\"\" class=\"wp-image-719\" srcset=\"https:\/\/www.loisirs85.com\/wp-content\/uploads\/2022\/10\/stjeandemonts2-1024x683-1.jpg 1024w, https:\/\/www.loisirs85.com\/wp-content\/uploads\/2022\/10\/stjeandemonts2-1024x683-1-300x200.jpg 300w, https:\/\/www.loisirs85.com\/wp-content\/uploads\/2022\/10\/stjeandemonts2-1024x683-1-768x512.jpg 768w\" sizes=\"(max-width: 1024px) 100vw, 1024px\" \/><\/figure>\n<\/figure>\n<\/div><\/section>\n\n<section class=\"wp-container-6a09c6d5f3c20 wp-block-group L-40-a\"><div class=\"wp-block-group__inner-container\">\n<div class=\"wp-block-columns\">\n<div class=\"wp-block-column\">\n<h2 id=\"s-amuser-en-famille\">Family fun<\/h2>\n\n\n\n<p>When you stay with your family at our <strong>Acapulco campsite in Saint-Jean-de-Monts<\/strong>, you will have access to a multitude of activities to do in this Pays de la Loire, and that&#8217;s one of its main assets. There &#8216; s never a dull moment in <strong>Saint-Jean-de-Monts<\/strong>! <\/p>\n\n\n\n<p>Bring the whole family together for guaranteed fun, discover the <strong> accrobranchepark<\/strong> on rue de la Par\u00e9e J\u00e9sus. This open-air leisure area features 14 tree-climbing courses with 5 levels of difficulty (from age 3). Enjoy a fabulous experience in the heart of the <strong>Pays de Montsforest in Vend\u00e9e<\/strong>.  <\/p>\n\n\n\n<p>Have fun with the whole family in <a href=\"https:\/\/www.loisirs85.com\/camping-acapulco-stjeandemonts\/espace-aquatique\/\" target=\"_blank\" rel=\"noreferrer noopener\"> the waterpark at Camping Acapulco<\/a>. <strong> Heatedpools, giant slides, inflatable infrastructures<\/strong>&#8230; everything is designed to ensure you have a great time in the water! The Wave Slide and Aquatube are two new slides with guaranteed thrills. For the little ones, a <strong> playfulpaddling pool<\/strong> is dedicated to them, so they can have fun in complete safety.  <\/p>\n<\/div>\n\n\n\n<div class=\"wp-block-column\">\n<figure class=\"wp-block-image alignfull size-full deco--blobs\"><img width=\"1024\" height=\"555\" src=\"https:\/\/www.loisirs85.com\/wp-content\/uploads\/2022\/10\/2016-cha-toboggan-Flash-1024x555-1.jpg\" alt=\"Saint-Jean-de-Monts water park - Camping Acapulco\" class=\"wp-image-620\" srcset=\"https:\/\/www.loisirs85.com\/wp-content\/uploads\/2022\/10\/2016-cha-toboggan-Flash-1024x555-1.jpg 1024w, https:\/\/www.loisirs85.com\/wp-content\/uploads\/2022\/10\/2016-cha-toboggan-Flash-1024x555-1-300x163.jpg 300w, https:\/\/www.loisirs85.com\/wp-content\/uploads\/2022\/10\/2016-cha-toboggan-Flash-1024x555-1-768x416.jpg 768w\" sizes=\"(max-width: 1024px) 100vw, 1024px\" \/><\/figure>\n<\/div>\n<\/div>\n<\/div><\/section>\n\n<div style=\"height:60px\" aria-hidden=\"true\" class=\"wp-block-spacer\"><\/div>\n\n<h2 id=\"notre-camping-a-saint-jean-de-monts\">Our campsite in Saint-Jean-de-Monts<\/h2>\n\n<p>The <strong>Acapulco campsite, a 16-minute drive from Saint-Jean-de-Monts<\/strong>, is ideally located for discovering all the <strong>charms of the Vend\u00e9e<\/strong>. Near your mobile home, enjoy the beaches, forests and marshes, as well as typical villages such as Sallertaine and Givrand. The <strong>5-star Acapulco campsite<\/strong> offers a wide choice of fully-equipped <strong>mobile homes<\/strong> in various categories. Enjoy a superb aquatic area with heated pools, giant slides, hydromassage jets and more. You&#8217;ll also benefit from a myriad of activities, entertainment and 5-star services: kids&#8217; club, teenagers&#8217; club, restaurant area, bike rentals, wifi, evening entertainment, p\u00e9tanque area, family games, etc. Comfort, relaxation and fun for all the family at <strong>Saint-Jean-de-Monts<\/strong>.     <\/p>\n","protected":false},"excerpt":{"rendered":"<p>Saint-Jean de-Monts Saint-Jean-de-Monts, an ideal seaside resort for your vacations Saint Jean de Monts is a renowned seaside resort in the Vend\u00e9e. You don&#8217;t need to have a huge leisure budget here, so bring your bikes to explore the coast and forest, your kids&#8217; skates or rollerblades to stroll along the embankment, and the beaches [&hellip;]<\/p>\n","protected":false},"author":1,"featured_media":0,"parent":0,"menu_order":0,"comment_status":"closed","ping_status":"closed","template":"","meta":[],"acf":[],"_links":{"self":[{"href":"https:\/\/www.loisirs85.com\/en\/wp-json\/wp\/v2\/pages\/1723"}],"collection":[{"href":"https:\/\/www.loisirs85.com\/en\/wp-json\/wp\/v2\/pages"}],"about":[{"href":"https:\/\/www.loisirs85.com\/en\/wp-json\/wp\/v2\/types\/page"}],"author":[{"embeddable":true,"href":"https:\/\/www.loisirs85.com\/en\/wp-json\/wp\/v2\/users\/1"}],"replies":[{"embeddable":true,"href":"https:\/\/www.loisirs85.com\/en\/wp-json\/wp\/v2\/comments?post=1723"}],"version-history":[{"count":3,"href":"https:\/\/www.loisirs85.com\/en\/wp-json\/wp\/v2\/pages\/1723\/revisions"}],"predecessor-version":[{"id":1977,"href":"https:\/\/www.loisirs85.com\/en\/wp-json\/wp\/v2\/pages\/1723\/revisions\/1977"}],"wp:attachment":[{"href":"https:\/\/www.loisirs85.com\/en\/wp-json\/wp\/v2\/media?parent=1723"}],"curies":[{"name":"wp","href":"https:\/\/api.w.org\/{rel}","templated":true}]}}