{"id":1707,"date":"2022-10-05T09:47:21","date_gmt":"2022-10-05T07:47:21","guid":{"rendered":"https:\/\/www.loisirs85.com\/iles-noirmoutier-ile-dyeu\/"},"modified":"2023-11-14T12:33:13","modified_gmt":"2023-11-14T11:33:13","slug":"iles-noirmoutier-ile-dyeu","status":"publish","type":"page","link":"https:\/\/www.loisirs85.com\/en\/iles-noirmoutier-ile-dyeu\/","title":{"rendered":"The Islands &#8211; Noirmoutier &#8211; Ile d&#8217;yeu"},"content":{"rendered":"\n<div class=\"wp-block-cover alignfull is-light\"><span aria-hidden=\"true\" class=\"wp-block-cover__gradient-background has-background-dim\"><\/span><img width=\"2048\" height=\"821\" class=\"wp-block-cover__image-background wp-image-706\" alt=\"\" src=\"https:\/\/www.loisirs85.com\/wp-content\/uploads\/2022\/10\/muriel-gargre-lZME9bV5GEE-unsplash.jpg\" data-object-fit=\"cover\" srcset=\"https:\/\/www.loisirs85.com\/wp-content\/uploads\/2022\/10\/muriel-gargre-lZME9bV5GEE-unsplash.jpg 2048w, https:\/\/www.loisirs85.com\/wp-content\/uploads\/2022\/10\/muriel-gargre-lZME9bV5GEE-unsplash-300x120.jpg 300w, https:\/\/www.loisirs85.com\/wp-content\/uploads\/2022\/10\/muriel-gargre-lZME9bV5GEE-unsplash-1024x411.jpg 1024w, https:\/\/www.loisirs85.com\/wp-content\/uploads\/2022\/10\/muriel-gargre-lZME9bV5GEE-unsplash-768x308.jpg 768w, https:\/\/www.loisirs85.com\/wp-content\/uploads\/2022\/10\/muriel-gargre-lZME9bV5GEE-unsplash-1536x616.jpg 1536w\" sizes=\"(max-width: 2048px) 100vw, 2048px\" \/><div class=\"wp-block-cover__inner-container\">\n<p class=\"has-text-align-center has-large-font-size\"><\/p>\n<\/div><\/div>\n\n<section class=\"wp-container-69f1cc7992f62 wp-block-group deco--trace L-15-a\"><div class=\"wp-block-group__inner-container\">\n<h1 id=\"balades-insolites-en-vendee\">The Islands &#8211; Noirmoutier &#8211; Ile d&#8217;yeu<\/h1>\n\n\n\n<h2 class=\"h3\" id=\"balades-insolites-en-vendee\">\u00cele de Noirmoutier and \u00cele d&#8217;Yeu, a must-see for your stay in Vend\u00e9e<\/h2>\n\n\n\n<p><strong>\u00cele de Noirmoutier<\/strong> and <strong>\u00cele d&#8217;Yeu<\/strong> are two destinations offering unique experiences, with sandy beaches, unspoilt landscapes and authentic charm. The \u00cele de Noirmoutier boasts <strong>salt marshes<\/strong>, pine forests and the famous <strong>Passage du Gois<\/strong>, while <strong>the \u00cele d&#8217;Yeu<\/strong> unveils its wild creeks, cliffs and villages. Whether you&#8217;re looking for relaxation, cultural discoveries or wilderness adventures, these two islands promise unforgettable getaways in the heart of the Vend\u00e9e coastline.<\/p>\n\n\n\n<div class=\"wp-block-columns\">\n<div class=\"wp-block-column\">\n<h3 id=\"noirmoutier\">Noirmoutier<\/h3>\n\n\n\n<p>From <strong>Saint-Gilles-Croix-de-Vie<\/strong>, <strong>Noirmoutier<\/strong> is an island easily accessible by bridge, which simplifies the journey. At low tide, we take a submersible road, the Passage du Gois, a unique experience in the world. In general, the outward journey is on one side and the return on the other.<\/p>\n\n\n\n<p>Many activities on the island, depending on the season: aquarium, oyster port, Herbaudi\u00e8re and its fishing port, castle, salt marshes, the charming fishing village of Vieil, its narrow streets and white houses with blue shutters, the Bois de La Chaise and the famous plage des dames and its beach huts, witnesses of another era. Don&#8217;t forget to try our oysters and Noirmoutier potatoes in season.<\/p>\n<\/div>\n\n\n\n<div class=\"wp-block-column\">\n<h3 id=\"l-ile-d-yeu\">Yeu Island<\/h3>\n\n\n\n<p>Departing from Fromentine or <strong>St Gilles Croix de<\/strong> Vie, after a 1-hour crossing, discover island life. This unspoilt island is a must-see tourist destination for nature lovers.<\/p>\n\n\n\n<p>Relax on one of the many sandy beaches, wild coves and cliffs. The many <strong>hiking trails on Yeu Island<\/strong> will lead you to unique, breathtaking panoramas. The ideal way to spend a single day is to hire bikes and ride along the wild coastline. Discover its historic remains and local craftsmen. Take the time to taste the local specialties (prune pie, for example).<\/p>\n\n\n\n<p><strong>\u00cele d&#8217;Yeu<\/strong> is also rich in historical heritage, with its medieval castles, forts and picturesque churches. Don&#8217;t forget to visit the Vieux-Ch\u00e2teau, perched on a hill with panoramic views over the island.<\/p>\n<\/div>\n<\/div>\n\n\n\n<div style=\"height:30px\" aria-hidden=\"true\" class=\"wp-block-spacer\"><\/div>\n\n\n\n<figure class=\"wp-block-gallery has-nested-images columns-default is-cropped deco--blob-3\">\n<figure class=\"wp-block-image size-large\"><img width=\"1024\" height=\"683\" src=\"https:\/\/www.loisirs85.com\/wp-content\/uploads\/2022\/10\/IMG_8499-1024x683-1.jpg\" alt=\"\" class=\"wp-image-707\" srcset=\"https:\/\/www.loisirs85.com\/wp-content\/uploads\/2022\/10\/IMG_8499-1024x683-1.jpg 1024w, https:\/\/www.loisirs85.com\/wp-content\/uploads\/2022\/10\/IMG_8499-1024x683-1-300x200.jpg 300w, https:\/\/www.loisirs85.com\/wp-content\/uploads\/2022\/10\/IMG_8499-1024x683-1-768x512.jpg 768w\" sizes=\"(max-width: 1024px) 100vw, 1024px\" \/><\/figure>\n\n\n<figure class=\"wp-block-image size-large\"><img width=\"1024\" height=\"683\" src=\"https:\/\/www.loisirs85.com\/wp-content\/uploads\/2022\/10\/IMG_8533-1024x683-1.jpg\" alt=\"\" class=\"wp-image-708\" srcset=\"https:\/\/www.loisirs85.com\/wp-content\/uploads\/2022\/10\/IMG_8533-1024x683-1.jpg 1024w, https:\/\/www.loisirs85.com\/wp-content\/uploads\/2022\/10\/IMG_8533-1024x683-1-300x200.jpg 300w, https:\/\/www.loisirs85.com\/wp-content\/uploads\/2022\/10\/IMG_8533-1024x683-1-768x512.jpg 768w\" sizes=\"(max-width: 1024px) 100vw, 1024px\" \/><\/figure><\/figure>\n<\/div><\/section>\n","protected":false},"excerpt":{"rendered":"<p>The Islands &#8211; Noirmoutier &#8211; Ile d&#8217;yeu \u00cele de Noirmoutier and \u00cele d&#8217;Yeu, a must-see for your stay in Vend\u00e9e \u00cele de Noirmoutier and \u00cele d&#8217;Yeu are two destinations offering unique experiences, with sandy beaches, unspoilt landscapes and authentic charm. The \u00cele de Noirmoutier boasts salt marshes, pine forests and the famous Passage du Gois, [&hellip;]<\/p>\n","protected":false},"author":1,"featured_media":0,"parent":0,"menu_order":0,"comment_status":"closed","ping_status":"closed","template":"","meta":[],"acf":[],"_links":{"self":[{"href":"https:\/\/www.loisirs85.com\/en\/wp-json\/wp\/v2\/pages\/1707"}],"collection":[{"href":"https:\/\/www.loisirs85.com\/en\/wp-json\/wp\/v2\/pages"}],"about":[{"href":"https:\/\/www.loisirs85.com\/en\/wp-json\/wp\/v2\/types\/page"}],"author":[{"embeddable":true,"href":"https:\/\/www.loisirs85.com\/en\/wp-json\/wp\/v2\/users\/1"}],"replies":[{"embeddable":true,"href":"https:\/\/www.loisirs85.com\/en\/wp-json\/wp\/v2\/comments?post=1707"}],"version-history":[{"count":1,"href":"https:\/\/www.loisirs85.com\/en\/wp-json\/wp\/v2\/pages\/1707\/revisions"}],"predecessor-version":[{"id":1708,"href":"https:\/\/www.loisirs85.com\/en\/wp-json\/wp\/v2\/pages\/1707\/revisions\/1708"}],"wp:attachment":[{"href":"https:\/\/www.loisirs85.com\/en\/wp-json\/wp\/v2\/media?parent=1707"}],"curies":[{"name":"wp","href":"https:\/\/api.w.org\/{rel}","templated":true}]}}