{"id":1705,"date":"2022-10-05T10:56:28","date_gmt":"2022-10-05T08:56:28","guid":{"rendered":"https:\/\/www.loisirs85.com\/le-puy-du-fou\/"},"modified":"2024-10-15T15:42:44","modified_gmt":"2024-10-15T13:42:44","slug":"le-puy-du-fou","status":"publish","type":"page","link":"https:\/\/www.loisirs85.com\/en\/le-puy-du-fou\/","title":{"rendered":"Le Puy du Fou"},"content":{"rendered":"\n<div class=\"wp-block-cover alignfull is-light\"><span aria-hidden=\"true\" class=\"wp-block-cover__gradient-background has-background-dim\"><\/span><img width=\"1024\" height=\"460\" class=\"wp-block-cover__image-background wp-image-704\" alt=\"\" src=\"https:\/\/www.loisirs85.com\/wp-content\/uploads\/2022\/10\/bal-des-oiseaux-fantomes-puy-du-fou-bof03-1024x460-1.jpg\" data-object-fit=\"cover\" srcset=\"https:\/\/www.loisirs85.com\/wp-content\/uploads\/2022\/10\/bal-des-oiseaux-fantomes-puy-du-fou-bof03-1024x460-1.jpg 1024w, https:\/\/www.loisirs85.com\/wp-content\/uploads\/2022\/10\/bal-des-oiseaux-fantomes-puy-du-fou-bof03-1024x460-1-300x135.jpg 300w, https:\/\/www.loisirs85.com\/wp-content\/uploads\/2022\/10\/bal-des-oiseaux-fantomes-puy-du-fou-bof03-1024x460-1-768x345.jpg 768w\" sizes=\"(max-width: 1024px) 100vw, 1024px\" \/><div class=\"wp-block-cover__inner-container\">\n<p class=\"has-text-align-center has-large-font-size\"><\/p>\n<\/div><\/div>\n\n<section class=\"wp-container-6a0104e9a52fd wp-block-group deco--trace L-15-a\"><div class=\"wp-block-group__inner-container\">\n<h1 id=\"balades-insolites-en-vendee\">Le Puy du Fou<\/h1>\n\n\n\n<h2 class=\"h3\" id=\"balades-insolites-en-vendee\">The must-see theme park in Vend\u00e9e<\/h2>\n\n\n\n<p>You can &#8216; t come to Vend\u00e9e without experiencing Puy Du Fou.<br\/>Whether it&#8217; s <a href=\"https:\/\/www.puydufou.com\/france\/fr\/la-cinescenie\">La Cin\u00e9sc\u00e9nie<\/a> or <a href=\"https:\/\/www.puydufou.com\/france\/fr\/spectacles\">Le Grand Parc<\/a> an unmissable stopover that surprises every time. The Puyfollais have taken up the (successful) challenge of transporting us to the heart of history, harmoniously blending adventure, magic and emotion.<\/p>\n\n\n\n<p>We all have our own eras and emblematic characters: boys dream of being a Viking or a knight, girls dream of being Eleanor with her falcons or Margaret with her magic spear&#8230; and vice versa.<\/p>\n\n\n\n<p>My favorites:<\/p>\n\n\n\n<ul><li>N\u00b01 Le Signe du Triomphe is simply incredible, set in a &#8220;real&#8221; Gallo-Roman stadium<\/li><li>N\u00b02 Le Bal des oiseaux fant\u00f4mes, magical and spectacular<\/li><li>N\u00b03 Richelieu&#8217;s musketeers, marvellous and romantic.<\/li><\/ul>\n\n\n\n<p>My advice: if this is your first visit, it&#8217;s now impossible to take in all the shows in one day, so plan your program with a few must-sees and leave some time to wander through the different eras, and let yourself be surprised by the little street shows (the magic show is top-notch!) that you won&#8217;t have scheduled.<\/p>\n\n\n\n<figure class=\"wp-block-gallery has-nested-images columns-default is-cropped deco--blob-3\">\n<figure class=\"wp-block-image size-large\"><img width=\"1000\" height=\"672\" src=\"https:\/\/www.loisirs85.com\/wp-content\/uploads\/2022\/10\/Copyright_Puy_du_Fou_Vendee_Expansion_Cinescenie.jpg\" alt=\"\" class=\"wp-image-701\" srcset=\"https:\/\/www.loisirs85.com\/wp-content\/uploads\/2022\/10\/Copyright_Puy_du_Fou_Vendee_Expansion_Cinescenie.jpg 1000w, https:\/\/www.loisirs85.com\/wp-content\/uploads\/2022\/10\/Copyright_Puy_du_Fou_Vendee_Expansion_Cinescenie-300x202.jpg 300w, https:\/\/www.loisirs85.com\/wp-content\/uploads\/2022\/10\/Copyright_Puy_du_Fou_Vendee_Expansion_Cinescenie-768x516.jpg 768w\" sizes=\"(max-width: 1000px) 100vw, 1000px\" \/><\/figure>\n\n\n\n<figure class=\"wp-block-image size-large\"><img width=\"1024\" height=\"576\" src=\"https:\/\/www.loisirs85.com\/wp-content\/uploads\/2022\/10\/bal-des-oiseaux-fantomes-puy-du-fou-bof04-1024x576-1.jpg\" alt=\"\" class=\"wp-image-702\" srcset=\"https:\/\/www.loisirs85.com\/wp-content\/uploads\/2022\/10\/bal-des-oiseaux-fantomes-puy-du-fou-bof04-1024x576-1.jpg 1024w, https:\/\/www.loisirs85.com\/wp-content\/uploads\/2022\/10\/bal-des-oiseaux-fantomes-puy-du-fou-bof04-1024x576-1-300x169.jpg 300w, https:\/\/www.loisirs85.com\/wp-content\/uploads\/2022\/10\/bal-des-oiseaux-fantomes-puy-du-fou-bof04-1024x576-1-768x432.jpg 768w\" sizes=\"(max-width: 1024px) 100vw, 1024px\" \/><\/figure>\n<\/figure>\n\n\n\n<h2 id=\"sejourner-au-camping-en-vendee-proche-du-puy-du-fou\">Camping in Vend\u00e9e near Puy du Fou<\/h2>\n\n\n\n<p><strong>Located around 1 hour from the Puy-du-Fou park<\/strong>, <a rel=\"noreferrer noopener\" href=\"https:\/\/www.loisirs85.com\/en\/camping-acapulco-stjeandemonts\/home\/\" data-type=\"camping-acapulco\" data-id=\"542\" target=\"_blank\">our campsite in the Vend\u00e9e<\/a> will enable you to enjoy the the Vend\u00e9e coastline and organize one or more <strong>days at the Puy-du-Fou.du-Fou. <\/strong>The <a rel=\"noreferrer noopener\" href=\"https:\/\/www.loisirs85.com\/camping-acapulco-stjeandemonts\/\" target=\"_blank\"> 5-star Acapulco campsite in Saint-Jean-de-Monts<\/a> covers 10 hectares, just a stone&#8217;s throw from the beach. For families who want to stay right at the heart of the campsite, there&#8217;s a host of fun activities for children and teenagers. <strong>The campsite&#8217;s aquatic area<\/strong> is a veritable water paradise, with a wave pool and two sensational slides. In terms of accommodation, the campsite offers a range of options to suit your needs, from <strong>pitches for caravans, tents or motorhomes, to mobile homes<\/strong>.<\/p>\n\n\n\n<p>From our campsites, coach excursions are organized to enjoy the park and the show in complete peace of mind. Ideal on Fridays for stays of 10 days or more. If you&#8217;re going on your own, make sure you book in advance (reservations are compulsory for the Cinesc\u00e9nie) and consult the program to make sure you don&#8217;t miss anything.<\/p>\n<\/div><\/section>\n","protected":false},"excerpt":{"rendered":"<p>Le Puy du Fou The must-see theme park in Vend\u00e9e You can &#8216; t come to Vend\u00e9e without experiencing Puy Du Fou.Whether it&#8217; s La Cin\u00e9sc\u00e9nie or Le Grand Parc an unmissable stopover that surprises every time. The Puyfollais have taken up the (successful) challenge of transporting us to the heart of history, harmoniously blending [&hellip;]<\/p>\n","protected":false},"author":1,"featured_media":0,"parent":0,"menu_order":0,"comment_status":"closed","ping_status":"closed","template":"","meta":[],"acf":[],"_links":{"self":[{"href":"https:\/\/www.loisirs85.com\/en\/wp-json\/wp\/v2\/pages\/1705"}],"collection":[{"href":"https:\/\/www.loisirs85.com\/en\/wp-json\/wp\/v2\/pages"}],"about":[{"href":"https:\/\/www.loisirs85.com\/en\/wp-json\/wp\/v2\/types\/page"}],"author":[{"embeddable":true,"href":"https:\/\/www.loisirs85.com\/en\/wp-json\/wp\/v2\/users\/1"}],"replies":[{"embeddable":true,"href":"https:\/\/www.loisirs85.com\/en\/wp-json\/wp\/v2\/comments?post=1705"}],"version-history":[{"count":2,"href":"https:\/\/www.loisirs85.com\/en\/wp-json\/wp\/v2\/pages\/1705\/revisions"}],"predecessor-version":[{"id":1971,"href":"https:\/\/www.loisirs85.com\/en\/wp-json\/wp\/v2\/pages\/1705\/revisions\/1971"}],"wp:attachment":[{"href":"https:\/\/www.loisirs85.com\/en\/wp-json\/wp\/v2\/media?parent=1705"}],"curies":[{"name":"wp","href":"https:\/\/api.w.org\/{rel}","templated":true}]}}