{"id":1674,"date":"2022-10-31T15:26:55","date_gmt":"2022-10-31T14:26:55","guid":{"rendered":"https:\/\/www.loisirs85.com\/camping-bretignolles-sur-mer\/"},"modified":"2024-10-15T15:20:10","modified_gmt":"2024-10-15T13:20:10","slug":"camping-bretignolles-sur-mer","status":"publish","type":"page","link":"https:\/\/www.loisirs85.com\/en\/camping-bretignolles-sur-mer\/","title":{"rendered":"Camping Bretignolles sur mer"},"content":{"rendered":"\n<div class=\"wp-block-cover alignfull\"><span aria-hidden=\"true\" class=\"wp-block-cover__gradient-background has-background-dim\"><\/span><img width=\"1024\" height=\"683\" class=\"wp-block-cover__image-background wp-image-607\" alt=\"\" src=\"https:\/\/www.loisirs85.com\/wp-content\/uploads\/2022\/10\/15SMC-009-1024x683-1.jpg\" data-object-fit=\"cover\" srcset=\"https:\/\/www.loisirs85.com\/wp-content\/uploads\/2022\/10\/15SMC-009-1024x683-1.jpg 1024w, https:\/\/www.loisirs85.com\/wp-content\/uploads\/2022\/10\/15SMC-009-1024x683-1-300x200.jpg 300w, https:\/\/www.loisirs85.com\/wp-content\/uploads\/2022\/10\/15SMC-009-1024x683-1-768x512.jpg 768w\" sizes=\"(max-width: 1024px) 100vw, 1024px\" \/><div class=\"wp-block-cover__inner-container\">\n<p class=\"has-text-align-center has-large-font-size\"><\/p>\n<\/div><\/div>\n\n<h1 id=\"camping-a-bretignolles-sur-mer\">Camping in Bretignolles sur mer!<\/h1>\n\n<section class=\"wp-container-6a05d5aa60e4b wp-block-group deco--trace L-15-a\"><div class=\"wp-block-group__inner-container\">\n<p>Enjoy a <strong>vacation in paradise when you stay at a campsite near Bretignolles sur mer<\/strong> in the Vend\u00e9e. Located on the C\u00f4te de Lumi\u00e8re, this seaside resort offers a wild coastline and beautiful beaches. It also attracts holidaymakers thanks to the diversity of its landscapes and activities. Enjoy an unforgettable experience at our <a href=\"https:\/\/www.loisirs85.com\/en\/camping-acapulco-stjeandemonts\/home\/\" data-type=\"camping-acapulco\" data-id=\"542\">5-star campsite in the Vend\u00e9e<\/a>!<\/p>\n\n\n\n<figure class=\"wp-block-gallery has-nested-images columns-default is-cropped deco--blob-3\">\n<figure class=\"wp-block-image size-full\"><img width=\"1024\" height=\"683\" src=\"https:\/\/www.loisirs85.com\/wp-content\/uploads\/2022\/10\/toboggans-aquatiques4-1024x683-2.jpg\" alt=\"\" class=\"wp-image-962\" srcset=\"https:\/\/www.loisirs85.com\/wp-content\/uploads\/2022\/10\/toboggans-aquatiques4-1024x683-2.jpg 1024w, https:\/\/www.loisirs85.com\/wp-content\/uploads\/2022\/10\/toboggans-aquatiques4-1024x683-2-300x200.jpg 300w, https:\/\/www.loisirs85.com\/wp-content\/uploads\/2022\/10\/toboggans-aquatiques4-1024x683-2-768x512.jpg 768w\" sizes=\"(max-width: 1024px) 100vw, 1024px\" \/><\/figure>\n\n\n\n<figure class=\"wp-block-image size-full\"><img width=\"1024\" height=\"683\" src=\"https:\/\/www.loisirs85.com\/wp-content\/uploads\/2022\/10\/2018-espace-aquatique-1024x683-1.jpg\" alt=\"\" class=\"wp-image-615\" srcset=\"https:\/\/www.loisirs85.com\/wp-content\/uploads\/2022\/10\/2018-espace-aquatique-1024x683-1.jpg 1024w, https:\/\/www.loisirs85.com\/wp-content\/uploads\/2022\/10\/2018-espace-aquatique-1024x683-1-300x200.jpg 300w, https:\/\/www.loisirs85.com\/wp-content\/uploads\/2022\/10\/2018-espace-aquatique-1024x683-1-768x512.jpg 768w\" sizes=\"(max-width: 1024px) 100vw, 1024px\" \/><\/figure>\n<\/figure>\n\n\n\n<h2 id=\"un-confort-optimal-au-camping-5-etoiles-en-vendee\">Optimal comfort at a 5-star campsite in Vend\u00e9e<\/h2>\n\n\n\n<p>For a peaceful stay, choose our range of &#8221; Confort &#8221; <a href=\"https:\/\/www.loisirs85.com\/en\/camping-acapulco-stjeandemonts\/accommodation\/\" data-type=\"camping-acapulco\" data-id=\"544\">mobile homes<\/a> with 2 or 3 bedrooms, equipped kitchen, bathroom and separate toilet. The semi-covered terrace includes garden furniture and a barbecue, so you can enjoy a private outdoor space whenever you like.  <\/p>\n\n\n\n<p><strong>Our functional and spacious mobile homes are perfect for a family holiday<\/strong>. In a wooded setting, taking advantage of all the services and activities of the Acapulco campsite, you&#8217;ll enjoy a relaxing and rejuvenating vacation in the heart of nature. From your campsite rental, it&#8217;s easy to explore the surrounding area on foot, by bike or by car.<\/p>\n<\/div><\/section>\n\n<h2 id=\"plage-des-60-bornes-a-st-hilaire\">100% fun at the campsite&#8217;s water park near Bretignolles sur mer<\/h2>\n\n<p>After visiting the surrounding area, enjoy the <a href=\"https:\/\/www.loisirs85.com\/en\/camping-acapulco-stjeandemonts\/espace-aquatique\/\" data-type=\"camping-acapulco\" data-id=\"546\">beautiful aquatic area <\/a>of our campsite in the Vend\u00e9e.<br\/>A relaxing break and lots of fun await you.<\/p>\n\n<p>This <strong>water park offers a wide range of swimming and entertainment facilities<\/strong>, starting with heated pools and a Jacuzzi. Ideal for taking a dip or enjoying the benefits of the water.<\/p>\n\n<p>And if you&#8217;re ready to take on the Space Hole and Speed Balls, let yourself slide down these <a href=\"https:\/\/www.loisirs85.com\/en\/camping-toboggans-geants-vendee\/\" data-type=\"page\" data-id=\"1212\">12-meter-high slides<\/a>, on a buoy or in a Body Slide. Get ready for some thrills!<\/p>\n\n<p>For more leisurely activities, the Aqua Toon water playground is perfect for the little ones, who can have fun in safety in shallow water.<\/p>\n\n<h2 id=\"des-activites-pour-tous-dans-un-camping-vendeen\">Activities for everyone at a campsite in the Vend\u00e9e  <\/h2>\n\n<p>Staying at the <a href=\"https:\/\/www.loisirs85.com\/en\/camping-acapulco-stjeandemonts\/home\/\" data-type=\"camping-acapulco\" data-id=\"542\">Acapulco campsite<\/a> near Bretignolles sur mer, is the assurance of a relaxing vacation punctuated by activities as diverse as they are varied, to suit your every whim.<br\/><br\/>Every day of the week, our entertainers welcome your children to the Tiny Club or Kid&#8217;s club, depending on their age. There&#8217;s plenty of fun to be had with creative workshops, sports activities, treasure hunts and more. The Funny Park with its 4 inflatables is also available.<br\/><br\/>There are plenty of activities and entertainment for young and old alike:<br\/>&#8211; step classes, gym, abdos fessiers, stretching, yoga, etc.;<br\/>&#8211; p\u00e9tanque competitions, Olympiads, sports tournaments;<br\/>&#8211; orienteering, treasure hunts;<br\/>&#8211; barbecue evening, film screenings;<br\/>&#8211; 80s blind test, entertainers&#8217; show;<br\/>&#8211; etc.<\/p>\n\n<h2 id=\"des-vacances-ideales-a-saint-gilles-croix-de-vie-1\">What to do in Bretignolles sur mer<\/h2>\n\n<p><strong>Br\u00e9tignolles sur mer is a paradise for lovers of fishing, hiking and water sports<\/strong>. Close to the seaside resort, in a beautiful setting, Lac du Jaunay brings all these activities together in one place.<\/p>\n\n<p>The beaches of Br\u00e9tignolles sur mer (la Sauzaie, la Par\u00e9e, la Normandeli\u00e8re, etc.) are perfect for family bathing and enjoying the pleasures of the water. Wild, family-friendly, a surf spot or more touristy, each one will seduce you.<\/p>\n\n<p>Don&#8217;t leave Bretignolles sur mer without visiting its beautiful neighborhoods.  <strong>Stop off at the Halles district to sample and take home some great local produce.<\/strong>  The Sauzaie district is also well worth a visit. The cycle paths allow you to discover the narrow streets of this ancient fishing village at your own pace.<\/p>\n\n<p>Come and meet us at the campsite near Bretignolles sur mer in a beautiful, relaxing environment. You&#8217;ll be accommodated in comfortable mobile homes, and throughout your stay we&#8217;ll be offering activities and services to suit your needs and desires. Enjoy a peaceful vacation in the Vend\u00e9e, far from the hustle and bustle of everyday life!<\/p>\n\n<p><\/p>\n","protected":false},"excerpt":{"rendered":"<p>Camping in Bretignolles sur mer! Enjoy a vacation in paradise when you stay at a campsite near Bretignolles sur mer in the Vend\u00e9e. Located on the C\u00f4te de Lumi\u00e8re, this seaside resort offers a wild coastline and beautiful beaches. It also attracts holidaymakers thanks to the diversity of its landscapes and activities. Enjoy an unforgettable [&hellip;]<\/p>\n","protected":false},"author":1,"featured_media":0,"parent":0,"menu_order":0,"comment_status":"closed","ping_status":"closed","template":"","meta":[],"acf":[],"_links":{"self":[{"href":"https:\/\/www.loisirs85.com\/en\/wp-json\/wp\/v2\/pages\/1674"}],"collection":[{"href":"https:\/\/www.loisirs85.com\/en\/wp-json\/wp\/v2\/pages"}],"about":[{"href":"https:\/\/www.loisirs85.com\/en\/wp-json\/wp\/v2\/types\/page"}],"author":[{"embeddable":true,"href":"https:\/\/www.loisirs85.com\/en\/wp-json\/wp\/v2\/users\/1"}],"replies":[{"embeddable":true,"href":"https:\/\/www.loisirs85.com\/en\/wp-json\/wp\/v2\/comments?post=1674"}],"version-history":[{"count":3,"href":"https:\/\/www.loisirs85.com\/en\/wp-json\/wp\/v2\/pages\/1674\/revisions"}],"predecessor-version":[{"id":1955,"href":"https:\/\/www.loisirs85.com\/en\/wp-json\/wp\/v2\/pages\/1674\/revisions\/1955"}],"wp:attachment":[{"href":"https:\/\/www.loisirs85.com\/en\/wp-json\/wp\/v2\/media?parent=1674"}],"curies":[{"name":"wp","href":"https:\/\/api.w.org\/{rel}","templated":true}]}}